{"id":654,"date":"2021-08-24T10:41:10","date_gmt":"2021-08-24T10:41:10","guid":{"rendered":"https:\/\/t4c.exchange\/?page_id=654"},"modified":"2021-09-23T15:06:42","modified_gmt":"2021-09-23T12:06:42","slug":"cookie-policy","status":"publish","type":"page","link":"https:\/\/trade4coins.com\/ro\/cookie-policy\/","title":{"rendered":"Politica privind cookie-urile"},"content":{"rendered":"<div style=\"height:36px\" aria-hidden=\"true\" class=\"wp-block-spacer\"><\/div>\n\n\n\n<h1 class=\"wp-block-heading\">Politica privind cookie-urile<\/h1>\n\n\n\n<div style=\"height:36px\" aria-hidden=\"true\" class=\"wp-block-spacer\"><\/div>\n\n\n\n<p><strong>GENERALIT\u0102\u021aI<\/strong><\/p>\n\n\n\n<p>Aceast\u0103 Politic\u0103 privind modulele cookie reglementeaz\u0103 utilizarea modulelor cookie pe site-ul www.t4c.exchange (denumit \u00een continuare \"Site-ul\"). Prin vizitarea Website-ului nostru \u0219i a oric\u0103ror subdomenii ale acestui Website, accepta\u021bi \u0219i v\u0103 da\u021bi acordul cu privire la practicile descrise \u00een aceast\u0103 Politic\u0103 privind cookie-urile.<\/p>\n\n\n\n<p><strong>CE SUNT COOKIE-URILE?<\/strong><\/p>\n\n\n\n<p>Cookie-urile sunt mici fi\u0219iere de date care sunt desc\u0103rcate pe computerul, telefonul sau tableta unui utilizator atunci c\u00e2nd vizita\u021bi un site web. Majoritatea browserelor web accept\u0103 automat cookie-urile. Acestea \u00eei ajut\u0103 pe operatorii de site-uri web s\u0103 recunoasc\u0103, de exemplu, un utilizator care a vizitat anterior un site web \u0219i s\u0103 analizeze comportamentul pentru a \u00eembun\u0103t\u0103\u021bi experien\u021ba utilizatorului. Mai multe detalii despre modulele cookie utilizate pe site-ul nostru web \u0219i despre scopurile acestora sunt prezentate mai jos.<\/p>\n\n\n\n<p><strong>CE COOKIE-URI VOR FI FOLOSITE \u0218I \u00ceN CE SCOP?<\/strong><\/p>\n\n\n\n<p><strong>Cookie-uri de performan\u021b\u0103<\/strong><\/p>\n\n\n\n<p>Pentru a \u00eembun\u0103t\u0103\u021bi experien\u021ba utilizatorului pe site-ul nostru, pentru a evalua performan\u021ba con\u021binutului nostru \u0219i pentru a remedia problemele tehnice sau erorile de pe pagini sau formulare web, folosim instrumente de performan\u021b\u0103 \u0219i de analiz\u0103, inclusiv de la ter\u021bi, cum ar fi Google Analytics. Aceste module cookie colecteaz\u0103 informa\u021bii precum num\u0103rul de vizite ale utilizatorilor sau al vizitatorilor care revin pe un site web. Cu toate acestea, aceste module cookie nu pot fi folosite pentru a identifica un utilizator \u0219i sunt utilizate pentru a genera date agregate.<\/p>\n\n\n\n<p><strong>Cookie-uri de direc\u021bionare sau de marketing<\/strong><\/p>\n\n\n\n<p>Ca parte a ini\u021biativelor noastre de marketing, aceste module cookie colecteaz\u0103 informa\u021bii despre obiceiurile dvs. de navigare (de exemplu, din ce surs\u0103 provine o anumit\u0103 vizit\u0103) \u0219i interesele deduse, pentru a face publicitatea mai relevant\u0103 pentru dvs. De asemenea, acestea sunt utilizate pentru a limita num\u0103rul de ori de c\u00e2te ori vede\u021bi o reclam\u0103, precum \u0219i pentru a m\u0103sura eficien\u021ba \u0219i performan\u021ba unei campanii publicitare. Unele dintre aceste module cookie sunt plasate de c\u0103tre re\u021belele noastre de publicitate ter\u021be. Acestea re\u021bin celelalte site-uri web pe care le vizita\u021bi, iar aceste informa\u021bii sunt partajate cu organiza\u021bii ter\u021be, de exemplu, cu agen\u021bii de publicitate.<\/p>\n\n\n\n<p><strong>Cookie-uri strict necesare<\/strong><\/p>\n\n\n\n<p>Aceste module cookie sunt esen\u021biale pentru a v\u0103 permite s\u0103 naviga\u021bi pe site-ul nostru \u0219i s\u0103 utiliza\u021bi func\u021biile acestuia. Informa\u021biile colectate de aceste module cookie se refer\u0103 la func\u021bionarea site-ului nostru web, de exemplu, pentru a v\u0103 autentifica \u00een siguran\u021b\u0103 pe site-ul nostru web \u0219i pentru a verifica dac\u0103 sunte\u021bi \u00eenc\u0103 conectat la site-ul nostru web pentru a v\u0103 men\u021bine sesiunea stabil\u0103 p\u00e2n\u0103 c\u00e2nd v\u0103 deconecta\u021bi.<\/p>\n\n\n\n<p><strong>Cookie-uri de func\u021bionalitate<\/strong><\/p>\n\n\n\n<p>Aceste module cookie permit site-ului nostru s\u0103 re\u021bin\u0103 alegerile pe care le face\u021bi \u0219i preferin\u021bele dumneavoastr\u0103 personale, cum ar fi detaliile de conectare, pentru a \u00eembun\u0103t\u0103\u021bi experien\u021ba utilizatorului, de exemplu, evit\u00e2nd s\u0103 trebuiasc\u0103 s\u0103 introduce\u021bi din nou aceste detalii la fiecare vizit\u0103 pe site-ul nostru.<\/p>\n\n\n\n<p><strong>C\u00c2T TIMP VOR R\u0102M\u00c2NE COOKIE-URILE?<\/strong><\/p>\n\n\n\n<p>Cookie-ul pentru o singur\u0103 sesiune este un cookie temporar care r\u0103m\u00e2ne \u00een fi\u0219ierul cookie al browserului dumneavoastr\u0103 p\u00e2n\u0103 c\u00e2nd \u00eenchide\u021bi browserul. Celelalte module cookie vor r\u0103m\u00e2ne \u00een fi\u0219ierul cookie al browserului dvs. dup\u0103 \u00eenchiderea browserului \u0219i vor deveni din nou active atunci c\u00e2nd redeschide\u021bi site-ul web. Aceste module cookie au date de expirare diferite. \u00cen urma expir\u0103rii unui cookie, o nou\u0103 versiune a acelui cookie va fi desc\u0103rcat\u0103 atunci c\u00e2nd ve\u021bi vizita din nou site-ul web, cu excep\u021bia cazului \u00een care v-a\u021bi retras consim\u021b\u0103m\u00e2ntul \u00eentre timp.<\/p>\n\n\n\n<p><strong>COOKIE-URI ALE TER\u021aILOR<\/strong><\/p>\n\n\n\n<p>Unele cookie-uri sunt furnizate \u00een numele nostru de c\u0103tre furnizori de servicii ter\u021bi de \u00eencredere pentru a contribui la experien\u021ba utilizatorului, la raportarea comportamentului utilizatorului, la cercetarea de pia\u021b\u0103, la furnizarea de reclame \u00een func\u021bie de interesele utilizatorului \u0219i la \u00eembun\u0103t\u0103\u021birea func\u021bionalit\u0103\u021bii site-ului web, de exemplu. Acest comportament al utilizatorului este analizat pentru a oferi o experien\u021b\u0103 \u00eembun\u0103t\u0103\u021bit\u0103 a utilizatorului.<\/p>\n\n\n\n<p><strong>CUM POT DEZACTIVA COOKIE-URILE?<\/strong><\/p>\n\n\n\n<p>Nu sunte\u021bi obligat s\u0103 accepta\u021bi cookie-urile, dar dac\u0103 opta\u021bi s\u0103 dezactiva\u021bi sau s\u0103 \u0219terge\u021bi cookie-urile generate prin intermediul site-ului nostru web, este posibil ca acesta s\u0103 nu func\u021bioneze a\u0219a cum a fost conceput, reduc\u00e2nd func\u021bionalitatea site-ului nostru web, op\u021biunile care v\u0103 sunt disponibile, precum \u0219i performan\u021ba site-ului nostru web \u00een timpul vizitei dumneavoastr\u0103. Toate browserele moderne v\u0103 permit s\u0103 v\u0103 modifica\u021bi set\u0103rile cookie-urilor. Aceste set\u0103ri se g\u0103sesc de obicei \u00een meniul \"op\u021biuni\" sau \"preferin\u021be\" al browserului dumneavoastr\u0103.<\/p>\n\n\n\n<p><strong>LINKURI UTILE<\/strong><\/p>\n\n\n\n<p>Dac\u0103 dori\u021bi s\u0103 afla\u021bi mai multe informa\u021bii despre utilizarea modulelor cookie pe internet, v\u0103 rug\u0103m s\u0103 consulta\u021bi urm\u0103toarele linkuri: www.allaboutcookies.org sau www.youronlinechoices.eu, care ofer\u0103 informa\u021bii despre aspectele legate de confiden\u021bialitate \u00een ceea ce prive\u0219te publicitatea pe internet.<\/p>\n\n\n\n<p><strong>ACTUALIZ\u0102RI ALE ACESTEI POLITICI PRIVIND COOKIE-URILE<\/strong><\/p>\n\n\n\n<p>Aceast\u0103 Politic\u0103 privind cookie-urile poate fi revizuit\u0103, modificat\u0103, actualizat\u0103 \u0219i\/sau completat\u0103 \u00een orice moment, f\u0103r\u0103 notificare prealabil\u0103, la discre\u021bia noastr\u0103 exclusiv\u0103. Atunci c\u00e2nd facem modific\u0103ri la aceast\u0103 Politic\u0103 privind fi\u0219ierele cookie, vom notifica to\u021bi utilizatorii de pe site-ul nostru web \u0219i vom pune la dispozi\u021bie Politica privind fi\u0219ierele cookie modificat\u0103 pe site-ul nostru web.<\/p>\n\n\n\n<p><strong>CONTACT<\/strong><\/p>\n\n\n\n<p>Dac\u0103 ave\u021bi \u00eentreb\u0103ri cu privire la politica noastr\u0103 privind cookie-urile, v\u0103 rug\u0103m s\u0103 ne contacta\u021bi la support@trade4coins.com.<\/p>\n\n\n\n<div style=\"height:100px\" aria-hidden=\"true\" class=\"wp-block-spacer\"><\/div>","protected":false},"excerpt":{"rendered":"<p>Cookie Policy GENERAL This Cookie Policy governs the use of cookies on the website www.t4c.exchange (hereinafter \u2013 the \u201cWebsite\u201d). By visiting our Website, and any subdomains of this Website, you are accepting and consenting to the practices described in this Cookie Policy. WHAT ARE COOKIES? Cookies are small data files that are downloaded to a [&hellip;]<\/p>","protected":false},"author":1,"featured_media":0,"parent":0,"menu_order":0,"comment_status":"closed","ping_status":"closed","template":"","meta":{"footnotes":""},"acf":[],"yoast_head":"<!-- This site is optimized with the Yoast SEO plugin v22.6 - https:\/\/yoast.com\/wordpress\/plugins\/seo\/ -->\n<title>Cookie Policy - Trade4Coins<\/title>\n<meta name=\"robots\" content=\"index, follow, max-snippet:-1, max-image-preview:large, max-video-preview:-1\" \/>\n<link rel=\"canonical\" href=\"https:\/\/trade4coins.com\/ro\/cookie-policy\/\" \/>\n<meta property=\"og:locale\" content=\"ro_RO\" \/>\n<meta property=\"og:type\" content=\"article\" \/>\n<meta property=\"og:title\" content=\"Cookie Policy - Trade4Coins\" \/>\n<meta property=\"og:description\" content=\"Cookie Policy GENERAL This Cookie Policy governs the use of cookies on the website www.t4c.exchange (hereinafter \u2013 the \u201cWebsite\u201d). By visiting our Website, and any subdomains of this Website, you are accepting and consenting to the practices described in this Cookie Policy. WHAT ARE COOKIES? Cookies are small data files that are downloaded to a [&hellip;]\" \/>\n<meta property=\"og:url\" content=\"https:\/\/trade4coins.com\/ro\/cookie-policy\/\" \/>\n<meta property=\"og:site_name\" content=\"Trade4Coins\" \/>\n<meta property=\"article:modified_time\" content=\"2021-09-23T12:06:42+00:00\" \/>\n<meta name=\"twitter:card\" content=\"summary_large_image\" \/>\n<meta name=\"twitter:label1\" content=\"Timp estimat pentru citire\" \/>\n\t<meta name=\"twitter:data1\" content=\"4 minute\" \/>\n<script type=\"application\/ld+json\" class=\"yoast-schema-graph\">{\"@context\":\"https:\/\/schema.org\",\"@graph\":[{\"@type\":\"WebPage\",\"@id\":\"https:\/\/trade4coins.com\/el\/cookie-policy\/\",\"url\":\"https:\/\/trade4coins.com\/el\/cookie-policy\/\",\"name\":\"Cookie Policy - Trade4Coins\",\"isPartOf\":{\"@id\":\"https:\/\/trade4coins.com\/#website\"},\"datePublished\":\"2021-08-24T10:41:10+00:00\",\"dateModified\":\"2021-09-23T12:06:42+00:00\",\"breadcrumb\":{\"@id\":\"https:\/\/trade4coins.com\/el\/cookie-policy\/#breadcrumb\"},\"inLanguage\":\"ro-RO\",\"potentialAction\":[{\"@type\":\"ReadAction\",\"target\":[\"https:\/\/trade4coins.com\/el\/cookie-policy\/\"]}]},{\"@type\":\"BreadcrumbList\",\"@id\":\"https:\/\/trade4coins.com\/el\/cookie-policy\/#breadcrumb\",\"itemListElement\":[{\"@type\":\"ListItem\",\"position\":1,\"name\":\"Home\",\"item\":\"https:\/\/trade4coins.com\/\"},{\"@type\":\"ListItem\",\"position\":2,\"name\":\"Cookie Policy\"}]},{\"@type\":\"WebSite\",\"@id\":\"https:\/\/trade4coins.com\/#website\",\"url\":\"https:\/\/trade4coins.com\/\",\"name\":\"Trade4Coins\",\"description\":\"Digital Asset Exchange\",\"potentialAction\":[{\"@type\":\"SearchAction\",\"target\":{\"@type\":\"EntryPoint\",\"urlTemplate\":\"https:\/\/trade4coins.com\/?s={search_term_string}\"},\"query-input\":\"required name=search_term_string\"}],\"inLanguage\":\"ro-RO\"}]}<\/script>\n<!-- \/ Yoast SEO plugin. -->","yoast_head_json":{"title":"Cookie Policy - Trade4Coins","robots":{"index":"index","follow":"follow","max-snippet":"max-snippet:-1","max-image-preview":"max-image-preview:large","max-video-preview":"max-video-preview:-1"},"canonical":"https:\/\/trade4coins.com\/ro\/cookie-policy\/","og_locale":"ro_RO","og_type":"article","og_title":"Cookie Policy - Trade4Coins","og_description":"Cookie Policy GENERAL This Cookie Policy governs the use of cookies on the website www.t4c.exchange (hereinafter \u2013 the \u201cWebsite\u201d). By visiting our Website, and any subdomains of this Website, you are accepting and consenting to the practices described in this Cookie Policy. WHAT ARE COOKIES? Cookies are small data files that are downloaded to a [&hellip;]","og_url":"https:\/\/trade4coins.com\/ro\/cookie-policy\/","og_site_name":"Trade4Coins","article_modified_time":"2021-09-23T12:06:42+00:00","twitter_card":"summary_large_image","twitter_misc":{"Timp estimat pentru citire":"4 minute"},"schema":{"@context":"https:\/\/schema.org","@graph":[{"@type":"WebPage","@id":"https:\/\/trade4coins.com\/el\/cookie-policy\/","url":"https:\/\/trade4coins.com\/el\/cookie-policy\/","name":"Cookie Policy - Trade4Coins","isPartOf":{"@id":"https:\/\/trade4coins.com\/#website"},"datePublished":"2021-08-24T10:41:10+00:00","dateModified":"2021-09-23T12:06:42+00:00","breadcrumb":{"@id":"https:\/\/trade4coins.com\/el\/cookie-policy\/#breadcrumb"},"inLanguage":"ro-RO","potentialAction":[{"@type":"ReadAction","target":["https:\/\/trade4coins.com\/el\/cookie-policy\/"]}]},{"@type":"BreadcrumbList","@id":"https:\/\/trade4coins.com\/el\/cookie-policy\/#breadcrumb","itemListElement":[{"@type":"ListItem","position":1,"name":"Home","item":"https:\/\/trade4coins.com\/"},{"@type":"ListItem","position":2,"name":"Cookie Policy"}]},{"@type":"WebSite","@id":"https:\/\/trade4coins.com\/#website","url":"https:\/\/trade4coins.com\/","name":"Trade4Coins","description":"Digital Asset Exchange","potentialAction":[{"@type":"SearchAction","target":{"@type":"EntryPoint","urlTemplate":"https:\/\/trade4coins.com\/?s={search_term_string}"},"query-input":"required name=search_term_string"}],"inLanguage":"ro-RO"}]}},"amp_enabled":true,"_links":{"self":[{"href":"https:\/\/trade4coins.com\/ro\/wp-json\/wp\/v2\/pages\/654"}],"collection":[{"href":"https:\/\/trade4coins.com\/ro\/wp-json\/wp\/v2\/pages"}],"about":[{"href":"https:\/\/trade4coins.com\/ro\/wp-json\/wp\/v2\/types\/page"}],"author":[{"embeddable":true,"href":"https:\/\/trade4coins.com\/ro\/wp-json\/wp\/v2\/users\/1"}],"replies":[{"embeddable":true,"href":"https:\/\/trade4coins.com\/ro\/wp-json\/wp\/v2\/comments?post=654"}],"version-history":[{"count":6,"href":"https:\/\/trade4coins.com\/ro\/wp-json\/wp\/v2\/pages\/654\/revisions"}],"predecessor-version":[{"id":1900,"href":"https:\/\/trade4coins.com\/ro\/wp-json\/wp\/v2\/pages\/654\/revisions\/1900"}],"wp:attachment":[{"href":"https:\/\/trade4coins.com\/ro\/wp-json\/wp\/v2\/media?parent=654"}],"curies":[{"name":"wp","href":"https:\/\/api.w.org\/{rel}","templated":true}]}}