{"id":769,"date":"2021-09-01T12:47:56","date_gmt":"2021-09-01T12:47:56","guid":{"rendered":"https:\/\/t4c.exchange\/?page_id=769"},"modified":"2021-09-23T23:42:43","modified_gmt":"2021-09-23T20:42:43","slug":"about-us","status":"publish","type":"page","link":"https:\/\/trade4coins.com\/ro\/about-us\/","title":{"rendered":"Despre noi"},"content":{"rendered":"<div data-elementor-type=\"wp-page\" data-elementor-id=\"769\" class=\"elementor elementor-769\">\n\t\t\t\t\t\t\t\t\t<section class=\"elementor-section elementor-top-section elementor-element elementor-element-bf7c831 elementor-section-full_width elementor-section-height-default elementor-section-height-default\" data-id=\"bf7c831\" data-element_type=\"section\" id=\"about-page\" data-settings=\"{&quot;background_background&quot;:&quot;classic&quot;}\">\n\t\t\t\t\t\t<div class=\"elementor-container elementor-column-gap-default\">\n\t\t\t\t\t<div class=\"elementor-column elementor-col-100 elementor-top-column elementor-element elementor-element-a26793c\" data-id=\"a26793c\" data-element_type=\"column\">\n\t\t\t<div class=\"elementor-widget-wrap elementor-element-populated\">\n\t\t\t\t\t\t\t\t<section class=\"elementor-section elementor-inner-section elementor-element elementor-element-ff1ae3c elementor-section-full_width elementor-section-height-min-height elementor-section-height-default\" data-id=\"ff1ae3c\" data-element_type=\"section\" data-settings=\"{&quot;background_background&quot;:&quot;classic&quot;}\">\n\t\t\t\t\t\t<div class=\"elementor-container elementor-column-gap-custom\">\n\t\t\t\t\t<div class=\"elementor-column elementor-col-50 elementor-inner-column elementor-element elementor-element-7416125\" data-id=\"7416125\" data-element_type=\"column\">\n\t\t\t<div class=\"elementor-widget-wrap elementor-element-populated\">\n\t\t\t\t\t\t\t\t<div class=\"elementor-element elementor-element-aaebc3f elementor-widget elementor-widget-image\" data-id=\"aaebc3f\" data-element_type=\"widget\" data-widget_type=\"image.default\">\n\t\t\t\t<div class=\"elementor-widget-container\">\n\t\t\t<style>\/*! elementor - v3.17.0 - 01-11-2023 *\/\n.elementor-widget-image{text-align:center}.elementor-widget-image a{display:inline-block}.elementor-widget-image a img[src$=\".svg\"]{width:48px}.elementor-widget-image img{vertical-align:middle;display:inline-block}<\/style>\t\t\t\t\t\t\t\t\t\t\t\t<img decoding=\"async\" loading=\"lazy\" width=\"545\" height=\"774\" src=\"https:\/\/trade4coins.com\/wp-content\/uploads\/2021\/09\/CoinsBuy.png\" class=\"attachment-large size-large wp-image-771\" alt=\"\" srcset=\"https:\/\/trade4coins.com\/wp-content\/uploads\/2021\/09\/CoinsBuy.png 545w, https:\/\/trade4coins.com\/wp-content\/uploads\/2021\/09\/CoinsBuy-211x300.png 211w, https:\/\/trade4coins.com\/wp-content\/uploads\/2021\/09\/CoinsBuy-8x12.png 8w\" sizes=\"(max-width: 545px) 100vw, 545px\" \/>\t\t\t\t\t\t\t\t\t\t\t\t\t\t\t<\/div>\n\t\t\t\t<\/div>\n\t\t\t\t\t<\/div>\n\t\t<\/div>\n\t\t\t\t<div class=\"elementor-column elementor-col-50 elementor-inner-column elementor-element elementor-element-acc3044\" data-id=\"acc3044\" data-element_type=\"column\">\n\t\t\t<div class=\"elementor-widget-wrap elementor-element-populated\">\n\t\t\t\t\t\t\t\t<div class=\"elementor-element elementor-element-7955b29 elementor-widget elementor-widget-text-editor\" data-id=\"7955b29\" data-element_type=\"widget\" data-widget_type=\"text-editor.default\">\n\t\t\t\t<div class=\"elementor-widget-container\">\n\t\t\t<style>\/*! elementor - v3.17.0 - 01-11-2023 *\/\n.elementor-widget-text-editor.elementor-drop-cap-view-stacked .elementor-drop-cap{background-color:#69727d;color:#fff}.elementor-widget-text-editor.elementor-drop-cap-view-framed .elementor-drop-cap{color:#69727d;border:3px solid;background-color:transparent}.elementor-widget-text-editor:not(.elementor-drop-cap-view-default) .elementor-drop-cap{margin-top:8px}.elementor-widget-text-editor:not(.elementor-drop-cap-view-default) .elementor-drop-cap-letter{width:1em;height:1em}.elementor-widget-text-editor .elementor-drop-cap{float:left;text-align:center;line-height:1;font-size:50px}.elementor-widget-text-editor .elementor-drop-cap-letter{display:inline-block}<\/style>\t\t\t\t<div><h1>De ce Trade4Coins?<\/h1><\/div><p style=\"margin-right: 0px; margin-bottom: 1.25rem; margin-left: 0px; color: #777777; font-size: 14px;\"><span style=\"font-weight: bold;\">Trade4Coins<\/span>\u00a0este un schimb instantaneu de criptomonede unde pute\u021bi\u00a0<span style=\"font-weight: bold; margin-bottom: 0px;\">Cump\u0103ra\u021bi, p\u0103stra\u021bi, vinde\u021bi \u0219i schimba\u021bi<\/span>\u00a0Bitcoin \u0219i alte criptomonede importante rapid \u0219i u\u0219or. Misiunea noastr\u0103 este clar\u0103 - s\u0103 facem criptomonedele simple \u0219i c\u00e2t mai confortabile posibil.<\/p><p style=\"margin-right: 0px; margin-bottom: 1.25rem; margin-left: 0px; color: #777777; font-size: 14px;\">Adus de c\u0103tre exper\u021bii de top \u00een cripto-monede din industrie, Trade4Coins ofer\u0103 un serviciu de \u00eencredere, sigur \u0219i simplu, care simplific\u0103 \u00eentregul proces \u0219i v\u0103 permite s\u0103 v\u0103 finaliza\u021bi tranzac\u021biile \u00een doar c\u00e2teva minute!<\/p><p style=\"margin-right: 0px; margin-bottom: 1.25rem; margin-left: 0px; color: #777777; font-size: 14px;\">Trade4Coins faciliteaz\u0103 acest proces, astfel \u00eenc\u00e2t s\u0103 pute\u021bi <span style=\"font-weight: bold;\">Achizi\u021biona\u021bi, gestiona\u021bi \u0219i schimba\u021bi criptomonede de top<\/span>\u00a0inclusiv\u00a0<span style=\"font-weight: bold; margin-bottom: 0px;\">Bitcoin, Ether, Tether, XRP,<\/span> \u0219i multe altele, f\u0103r\u0103 complica\u021bii. Cu un portofel cripto securizat \u0219i u\u0219or de utilizat, cu principalele criptomonede, tot ce ave\u021bi nevoie se afl\u0103 \u00eentr-un singur loc.<\/p><p style=\"margin-right: 0px; margin-bottom: 1.25rem; margin-left: 0px; color: #777777; font-size: 14px;\">Portofelul Trade4Coins este \u00eentotdeauna la dispozi\u021bia ta, cu cele mai mici \u0219i complet transparente comisioane disponibile. Fi\u021bi siguri c\u0103 toate activele dvs. digitale sunt \u00een siguran\u021b\u0103 \u0219i \u00eentotdeauna la \u00eendem\u00e2n\u0103.<\/p><p style=\"margin-right: 0px; margin-bottom: 0px; margin-left: 0px; color: #777777; font-size: 14px;\">Ecosistemul nostru are tot ceea ce ave\u021bi nevoie pentru a v\u0103 gestiona activele digitale!<\/p>\t\t\t\t\t\t<\/div>\n\t\t\t\t<\/div>\n\t\t\t\t\t<\/div>\n\t\t<\/div>\n\t\t\t\t\t\t\t<\/div>\n\t\t<\/section>\n\t\t\t\t\t<\/div>\n\t\t<\/div>\n\t\t\t\t\t\t\t<\/div>\n\t\t<\/section>\n\t\t\t\t\t\t\t<\/div>","protected":false},"excerpt":{"rendered":"<p>De ce Trade4Coins? Trade4Coins este o burs\u0103 instantanee de criptomonede unde pute\u021bi cump\u0103ra, de\u021bine, vinde \u0219i schimba Bitcoin \u0219i alte criptomonede importante rapid \u0219i u\u0219or. Misiunea noastr\u0103 este clar\u0103 - de a face cripto simple \u0219i c\u00e2t mai confortabile posibil. Adus de c\u0103tre cei mai importan\u021bi exper\u021bi \u00een criptomonede din industrie, Trade4Coins ofer\u0103 un serviciu de \u00eencredere, sigur \u0219i simplu, care simplific\u0103 [...]<\/p>","protected":false},"author":1,"featured_media":0,"parent":0,"menu_order":0,"comment_status":"closed","ping_status":"closed","template":"","meta":{"footnotes":""},"acf":[],"yoast_head":"<!-- This site is optimized with the Yoast SEO plugin v22.6 - https:\/\/yoast.com\/wordpress\/plugins\/seo\/ -->\n<title>About us - Trade4Coins<\/title>\n<meta name=\"description\" content=\"Buy crypto with a credit card, Invest in the future. Buy, Hold, Sell, and Exchange popular cryptocurrencies. Fastest access to the world of cryptocurrencies.\" \/>\n<meta name=\"robots\" content=\"index, follow, max-snippet:-1, max-image-preview:large, max-video-preview:-1\" \/>\n<link rel=\"canonical\" href=\"https:\/\/trade4coins.com\/ro\/about-us\/\" \/>\n<meta property=\"og:locale\" content=\"ro_RO\" \/>\n<meta property=\"og:type\" content=\"article\" \/>\n<meta property=\"og:title\" content=\"About us - Trade4Coins\" \/>\n<meta property=\"og:description\" content=\"Buy crypto with a credit card, Invest in the future. Buy, Hold, Sell, and Exchange popular cryptocurrencies. Fastest access to the world of cryptocurrencies.\" \/>\n<meta property=\"og:url\" content=\"https:\/\/trade4coins.com\/ro\/about-us\/\" \/>\n<meta property=\"og:site_name\" content=\"Trade4Coins\" \/>\n<meta property=\"article:modified_time\" content=\"2021-09-23T20:42:43+00:00\" \/>\n<meta property=\"og:image\" content=\"https:\/\/t4c.exchange\/wp-content\/uploads\/2021\/09\/CoinsBuy.png\" \/>\n<meta name=\"twitter:card\" content=\"summary_large_image\" \/>\n<meta name=\"twitter:label1\" content=\"Timp estimat pentru citire\" \/>\n\t<meta name=\"twitter:data1\" content=\"1 minut\" \/>\n<script type=\"application\/ld+json\" class=\"yoast-schema-graph\">{\"@context\":\"https:\/\/schema.org\",\"@graph\":[{\"@type\":\"WebPage\",\"@id\":\"https:\/\/trade4coins.com\/about-us\/\",\"url\":\"https:\/\/trade4coins.com\/about-us\/\",\"name\":\"About us - Trade4Coins\",\"isPartOf\":{\"@id\":\"https:\/\/trade4coins.com\/#website\"},\"primaryImageOfPage\":{\"@id\":\"https:\/\/trade4coins.com\/about-us\/#primaryimage\"},\"image\":{\"@id\":\"https:\/\/trade4coins.com\/about-us\/#primaryimage\"},\"thumbnailUrl\":\"https:\/\/t4c.exchange\/wp-content\/uploads\/2021\/09\/CoinsBuy.png\",\"datePublished\":\"2021-09-01T12:47:56+00:00\",\"dateModified\":\"2021-09-23T20:42:43+00:00\",\"description\":\"Buy crypto with a credit card, Invest in the future. Buy, Hold, Sell, and Exchange popular cryptocurrencies. Fastest access to the world of cryptocurrencies.\",\"breadcrumb\":{\"@id\":\"https:\/\/trade4coins.com\/about-us\/#breadcrumb\"},\"inLanguage\":\"ro-RO\",\"potentialAction\":[{\"@type\":\"ReadAction\",\"target\":[\"https:\/\/trade4coins.com\/about-us\/\"]}]},{\"@type\":\"ImageObject\",\"inLanguage\":\"ro-RO\",\"@id\":\"https:\/\/trade4coins.com\/about-us\/#primaryimage\",\"url\":\"https:\/\/t4c.exchange\/wp-content\/uploads\/2021\/09\/CoinsBuy.png\",\"contentUrl\":\"https:\/\/t4c.exchange\/wp-content\/uploads\/2021\/09\/CoinsBuy.png\"},{\"@type\":\"BreadcrumbList\",\"@id\":\"https:\/\/trade4coins.com\/about-us\/#breadcrumb\",\"itemListElement\":[{\"@type\":\"ListItem\",\"position\":1,\"name\":\"Home\",\"item\":\"https:\/\/trade4coins.com\/\"},{\"@type\":\"ListItem\",\"position\":2,\"name\":\"About us\"}]},{\"@type\":\"WebSite\",\"@id\":\"https:\/\/trade4coins.com\/#website\",\"url\":\"https:\/\/trade4coins.com\/\",\"name\":\"Trade4Coins\",\"description\":\"Digital Asset Exchange\",\"potentialAction\":[{\"@type\":\"SearchAction\",\"target\":{\"@type\":\"EntryPoint\",\"urlTemplate\":\"https:\/\/trade4coins.com\/?s={search_term_string}\"},\"query-input\":\"required name=search_term_string\"}],\"inLanguage\":\"ro-RO\"}]}<\/script>\n<!-- \/ Yoast SEO plugin. -->","yoast_head_json":{"title":"About us - Trade4Coins","description":"Buy crypto with a credit card, Invest in the future. Buy, Hold, Sell, and Exchange popular cryptocurrencies. Fastest access to the world of cryptocurrencies.","robots":{"index":"index","follow":"follow","max-snippet":"max-snippet:-1","max-image-preview":"max-image-preview:large","max-video-preview":"max-video-preview:-1"},"canonical":"https:\/\/trade4coins.com\/ro\/about-us\/","og_locale":"ro_RO","og_type":"article","og_title":"About us - Trade4Coins","og_description":"Buy crypto with a credit card, Invest in the future. Buy, Hold, Sell, and Exchange popular cryptocurrencies. Fastest access to the world of cryptocurrencies.","og_url":"https:\/\/trade4coins.com\/ro\/about-us\/","og_site_name":"Trade4Coins","article_modified_time":"2021-09-23T20:42:43+00:00","og_image":[{"url":"https:\/\/t4c.exchange\/wp-content\/uploads\/2021\/09\/CoinsBuy.png"}],"twitter_card":"summary_large_image","twitter_misc":{"Timp estimat pentru citire":"1 minut"},"schema":{"@context":"https:\/\/schema.org","@graph":[{"@type":"WebPage","@id":"https:\/\/trade4coins.com\/about-us\/","url":"https:\/\/trade4coins.com\/about-us\/","name":"About us - Trade4Coins","isPartOf":{"@id":"https:\/\/trade4coins.com\/#website"},"primaryImageOfPage":{"@id":"https:\/\/trade4coins.com\/about-us\/#primaryimage"},"image":{"@id":"https:\/\/trade4coins.com\/about-us\/#primaryimage"},"thumbnailUrl":"https:\/\/t4c.exchange\/wp-content\/uploads\/2021\/09\/CoinsBuy.png","datePublished":"2021-09-01T12:47:56+00:00","dateModified":"2021-09-23T20:42:43+00:00","description":"Buy crypto with a credit card, Invest in the future. Buy, Hold, Sell, and Exchange popular cryptocurrencies. Fastest access to the world of cryptocurrencies.","breadcrumb":{"@id":"https:\/\/trade4coins.com\/about-us\/#breadcrumb"},"inLanguage":"ro-RO","potentialAction":[{"@type":"ReadAction","target":["https:\/\/trade4coins.com\/about-us\/"]}]},{"@type":"ImageObject","inLanguage":"ro-RO","@id":"https:\/\/trade4coins.com\/about-us\/#primaryimage","url":"https:\/\/t4c.exchange\/wp-content\/uploads\/2021\/09\/CoinsBuy.png","contentUrl":"https:\/\/t4c.exchange\/wp-content\/uploads\/2021\/09\/CoinsBuy.png"},{"@type":"BreadcrumbList","@id":"https:\/\/trade4coins.com\/about-us\/#breadcrumb","itemListElement":[{"@type":"ListItem","position":1,"name":"Home","item":"https:\/\/trade4coins.com\/"},{"@type":"ListItem","position":2,"name":"About us"}]},{"@type":"WebSite","@id":"https:\/\/trade4coins.com\/#website","url":"https:\/\/trade4coins.com\/","name":"Trade4Coins","description":"Digital Asset Exchange","potentialAction":[{"@type":"SearchAction","target":{"@type":"EntryPoint","urlTemplate":"https:\/\/trade4coins.com\/?s={search_term_string}"},"query-input":"required name=search_term_string"}],"inLanguage":"ro-RO"}]}},"amp_enabled":true,"_links":{"self":[{"href":"https:\/\/trade4coins.com\/ro\/wp-json\/wp\/v2\/pages\/769"}],"collection":[{"href":"https:\/\/trade4coins.com\/ro\/wp-json\/wp\/v2\/pages"}],"about":[{"href":"https:\/\/trade4coins.com\/ro\/wp-json\/wp\/v2\/types\/page"}],"author":[{"embeddable":true,"href":"https:\/\/trade4coins.com\/ro\/wp-json\/wp\/v2\/users\/1"}],"replies":[{"embeddable":true,"href":"https:\/\/trade4coins.com\/ro\/wp-json\/wp\/v2\/comments?post=769"}],"version-history":[{"count":23,"href":"https:\/\/trade4coins.com\/ro\/wp-json\/wp\/v2\/pages\/769\/revisions"}],"predecessor-version":[{"id":1967,"href":"https:\/\/trade4coins.com\/ro\/wp-json\/wp\/v2\/pages\/769\/revisions\/1967"}],"wp:attachment":[{"href":"https:\/\/trade4coins.com\/ro\/wp-json\/wp\/v2\/media?parent=769"}],"curies":[{"name":"wp","href":"https:\/\/api.w.org\/{rel}","templated":true}]}}